{"id":414,"date":"2015-03-12T08:13:16","date_gmt":"2015-03-12T08:13:16","guid":{"rendered":"http:\/\/www.pabloprietoviolinist.com\/?page_id=414"},"modified":"2017-05-15T13:28:23","modified_gmt":"2017-05-15T13:28:23","slug":"home","status":"publish","type":"page","link":"https:\/\/www.pabloprietoviolinist.com\/fr\/","title":{"rendered":"Home"},"content":{"rendered":"<p>[vc_row el_class=\u00a0\u00bbjPlayer-fixed\u00a0\u00bb][vc_column][nk_jpayer id=\u00a0\u00bb249&Prime;][\/vc_column][\/vc_row][vc_row el_id=\u00a0\u00bbinicio\u00a0\u00bb el_class=\u00a0\u00bblast-news\u00a0\u00bb][vc_column][nk_title title=\u00a0\u00bbSPECTACLE DE VIOLON EL\u00c9CTRIQUE AVEC PABLO PRIETO\u00a0\u00bb subtitle=\u00a0\u00bbLa cl\u00e9 du succ\u00e8s pour rendre votre \u00e9v\u00e9nement m\u00e9morable. Une valeur ajout\u00e9e pour tous types de f\u00eates, mariages, anniversaires ou soir\u00e9es. Un spectacle surprenant en live.\u00a0\u00bb][vc_row_inner][vc_column_inner width=\u00a0\u00bb1\/3&Prime;][vc_raw_html]JTNDZGl2JTIwY2xhc3MlM0QlMjJpY29uJTIyJTNFJTBBJTA5JTNDaW1nJTIwc3JjJTNEJTIyJTJGd3AtY29udGVudCUyRnVwbG9hZHMlMkYyMDE1JTJGMDMlMkZpY29uLXZpb2xpbi5wbmclMjIlM0UlMEElM0MlMkZkaXYlM0U=[\/vc_raw_html][vc_column_text el_class=\u00a0\u00bbvent\u00a0\u00bb]<\/p>\n<h4 style=\"text-align: center;\">Diff\u00e9rent et vibrant.<\/h4>\n<p style=\"text-align: center;\">Les morceaux choisis avec soin dans les moindres d\u00e9tails avec des arrangements musicaux recr\u00e9\u00e9s, font de chaque repr\u00e9sentation un spectacle authentique en direct qui ne vous laissera pas indiff\u00e9rent.<\/p>\n<p>[\/vc_column_text][\/vc_column_inner][vc_column_inner width=\u00a0\u00bb1\/3&Prime;][vc_raw_html]JTNDZGl2JTIwY2xhc3MlM0QlMjJpY29uJTIyJTNFJTBBJTA5JTNDaW1nJTIwc3JjJTNEJTIyJTJGd3AtY29udGVudCUyRnVwbG9hZHMlMkYyMDE1JTJGMDMlMkZpY29uLW5vdGEucG5nJTIyJTNFJTBBJTNDJTJGZGl2JTNF[\/vc_raw_html][vc_column_text el_class=\u00a0\u00bbvent\u00a0\u00bb]<\/p>\n<h4 class=\"p1\" style=\"text-align: center;\">Flexibilit\u00e9, personnalisation et vari\u00e9t\u00e9 musicale.<\/h4>\n<p class=\"p1\" style=\"text-align: center;\">Bandes originales, pop, rock, chill-out, vocal chill-out, deep house, progressive house\u2026 Les possibilit\u00e9s sont infinies et s\u2019adaptent \u00e0 100% aux go\u00fbts de chaque client.<\/p>\n<p>[\/vc_column_text][\/vc_column_inner][vc_column_inner width=\u00a0\u00bb1\/3&Prime;][vc_raw_html]JTNDZGl2JTIwY2xhc3MlM0QlMjJpY29uJTIyJTNFJTBBJTA5JTNDaW1nJTIwc3JjJTNEJTIyJTJGd3AtY29udGVudCUyRnVwbG9hZHMlMkYyMDE1JTJGMDMlMkZpY29uLXJheW8ucG5nJTIyJTNFJTBBJTNDJTJGZGl2JTNF[\/vc_raw_html][vc_column_text el_class=\u00a0\u00bbvent\u00a0\u00bb]<\/p>\n<h4 class=\"p1\" style=\"text-align: center;\">Grand spectacle.<\/h4>\n<p class=\"p1\" style=\"text-align: center;\">Chaque repr\u00e9sentation de Pablo Prieto est diff\u00e9rente et unique. Mais toutes ont en commun sa mise en sc\u00e8ne et sa capacit\u00e9 de surprendre le public.<\/p>\n<p>[\/vc_column_text][\/vc_column_inner][\/vc_row_inner][\/vc_column][\/vc_row][vc_row el_id=\u00a0\u00bbvideo\u00a0\u00bb skew=\u00a0\u00bbyes\u00a0\u00bb el_class=\u00a0\u00bbskew-pos discography parallax\u00a0\u00bb][vc_column][nk_title title=\u00a0\u00bbVID\u00c9OS\u00a0\u00bb][vc_row_inner][vc_column_inner][vc_video link=\u00a0\u00bbhttps:\/\/www.youtube.com\/playlist?list=PLdzKhz4wMBGMVJgk5CxkALayoHp8bbphr\u00a0\u00bb align=\u00a0\u00bbcenter\u00a0\u00bb][\/vc_column_inner][\/vc_row_inner][\/vc_column][\/vc_row][vc_row el_id=\u00a0\u00bbbiografia\u00a0\u00bb skew=\u00a0\u00bbyes\u00a0\u00bb el_class=\u00a0\u00bbskew-pos biography parallax\u00a0\u00bb][vc_column][nk_title title=\u00a0\u00bbBIOGRAPHIE\u00a0\u00bb][vc_row_inner][vc_column_inner width=\u00a0\u00bb1\/2&Prime; css=\u00a0\u00bb.vc_custom_1490113019516{margin-top: 90px !important;}\u00a0\u00bb][vc_single_image image=\u00a0\u00bb526&Prime; img_size=\u00a0\u00bbfull\u00a0\u00bb alignment=\u00a0\u00bbcenter\u00a0\u00bb css=\u00a0\u00bb.vc_custom_1490112144361{margin-right: 10px !important;margin-left: 10px !important;}\u00a0\u00bb][\/vc_column_inner][vc_column_inner el_class=\u00a0\u00bbcontent\u00a0\u00bb width=\u00a0\u00bb1\/2&Prime;][vc_column_text]<\/p>\n<h4>Pablo Prieto. Violoniste.<\/h4>\n<p>Violoniste professionnel depuis 2001, il d\u00e9veloppe son travail de musicien classique en collaborant avec de nombreux orchestres, groupes de musique de chambre et conservatoires en tant que professeur. Depuis 2012, il s\u2019est recentr\u00e9 sur de la musique plus moderne avec son violon \u00e9lectrique, et compte aujourd\u2019hui plus de 300 repr\u00e9sentations en bo\u00eetes de nuit, soir\u00e9es priv\u00e9es et \u00e9v\u00e9nements publics en Espagne, en France, en Allemagne et en Afrique du Nord.<\/p>\n<ul class=\"list\">\n<li><i class=\"icon-check\"><\/i> Formation classique.<\/li>\n<li><i class=\"icon-check\"><\/i> \u00c9tudiant en violon depuis ses sept ans.<\/li>\n<li><i class=\"icon-check\"><\/i> Grand r\u00e9pertoire musical du plus ancien au plus moderne.<\/li>\n<li><i class=\"icon-check\"><\/i> Un musicien professionnel pour une grande c\u00e9l\u00e9bration.<\/li>\n<\/ul>\n<p>[\/vc_column_text][\/vc_column_inner][\/vc_row_inner][\/vc_column][\/vc_row][vc_row el_id=\u00a0\u00bbgaleria\u00a0\u00bb fullwidth=\u00a0\u00bbyes\u00a0\u00bb el_class=\u00a0\u00bbgallery\u00a0\u00bb][vc_column][nk_title title=\u00a0\u00bbGALERIE DE PHOTOS\u00a0\u00bb][nk_gallery][nk_image image=\u00a0\u00bb563&Prime;][nk_image image=\u00a0\u00bb498&Prime; class=\u00a0\u00bbbig\u00a0\u00bb][nk_image image=\u00a0\u00bb502&Prime;][nk_image image=\u00a0\u00bb353&Prime; class=\u00a0\u00bbbig lt tb ph\u00a0\u00bb][nk_image image=\u00a0\u00bb300&Prime; class=\u00a0\u00bbdefault tb ph\u00a0\u00bb][nk_image image=\u00a0\u00bb500&Prime; class=\u00a0\u00bbbig\u00a0\u00bb][nk_image image=\u00a0\u00bb504&Prime; class=\u00a0\u00bbdefault ph\u00a0\u00bb][nk_image image=\u00a0\u00bb352&Prime; class=\u00a0\u00bbbig tb ph\u00a0\u00bb][nk_image image=\u00a0\u00bb496&Prime; class=\u00a0\u00bbbig lt tb ph\u00a0\u00bb][nk_image image=\u00a0\u00bb506&Prime; class=\u00a0\u00bbdefault ph\u00a0\u00bb][nk_image image=\u00a0\u00bb295&Prime; class=\u00a0\u00bbdefault tb ph\u00a0\u00bb][nk_image image=\u00a0\u00bb302&Prime; class=\u00a0\u00bbdefault lt tb ph\u00a0\u00bb][nk_image image=\u00a0\u00bb508&Prime; class=\u00a0\u00bbdefault fw lt tb ph\u00a0\u00bb][\/nk_gallery][\/vc_column][\/vc_row][vc_row el_id=\u00a0\u00bbcomentarios\u00a0\u00bb skew=\u00a0\u00bbyes\u00a0\u00bb el_class=\u00a0\u00bbskew-pos biography parallax\u00a0\u00bb][vc_column][nk_title title=\u00a0\u00bbCOMMENTAIRES\u00a0\u00bb subtitle=\u00a0\u00bbJetez un \u0153il ici \u00e0 l\u2019opinion de ceux qui ont d\u00e9j\u00e0 assist\u00e9 au Show de Pablo Prieto.\u00a0\u00bb][vc_tta_pageable no_fill_content_area=\u00a0\u00bb1&Prime; active_section=\u00a0\u00bb1&Prime; pagination_color=\u00a0\u00bborange\u00a0\u00bb][vc_tta_section title=\u00a0\u00bbSecci\u00f3n\u00a0\u00bb tab_id=\u00a0\u00bb1485956947027-cc87387b-992a\u00a0\u00bb][vc_row_inner][vc_column_inner width=\u00a0\u00bb1\/4&Prime;][vc_single_image image=\u00a0\u00bb299&Prime; alignment=\u00a0\u00bbcenter\u00a0\u00bb style=\u00a0\u00bbvc_box_circle_2&Prime; css_animation=\u00a0\u00bbleft-to-right\u00a0\u00bb][\/vc_column_inner][vc_column_inner el_class=\u00a0\u00bbscita\u00a0\u00bb width=\u00a0\u00bb3\/4&Prime;][vc_column_text el_class=\u00a0\u00bbcita\u00a0\u00bb]<\/p>\n<blockquote>\n<p style=\"text-align: left;\">\u00a0\u00bb\u00a0Incroyable ! Pablo est exceptionnel ! Excellent musicien, mais aussi merveilleuse personne. Nous le remercierons \u00e9ternellement pour son travail. Nos invit\u00e9s furent tr\u00e8s surpris de le voir appara\u00eetre pendant la soir\u00e9e. Notre entr\u00e9e dans la salle du d\u00eener avec Titanium en fond jou\u00e9 au violon \u00e9lectrique fut un des meilleurs moments du mariage. Sans aucun doute, ce fut un grand succ\u00e8s et tr\u00e8s tr\u00e8s tr\u00e8s original. Nous recommandons \u00e0\u00a0100%. \u00ab\u00a0<\/p>\n<p style=\"text-align: left;\"><em>Beatriz et Vicente, Hotel Hesperia Madrid<\/em><\/p>\n<\/blockquote>\n<p>[\/vc_column_text][\/vc_column_inner][\/vc_row_inner][\/vc_tta_section][vc_tta_section title=\u00a0\u00bbSecci\u00f3n\u00a0\u00bb tab_id=\u00a0\u00bb1484349998322-20fb4e7c-9812&Prime;][vc_row_inner][vc_column_inner width=\u00a0\u00bb1\/4&Prime;][vc_single_image image=\u00a0\u00bb224&Prime; alignment=\u00a0\u00bbcenter\u00a0\u00bb style=\u00a0\u00bbvc_box_circle_2&Prime; css_animation=\u00a0\u00bbleft-to-right\u00a0\u00bb][\/vc_column_inner][vc_column_inner el_class=\u00a0\u00bbscita\u00a0\u00bb width=\u00a0\u00bb3\/4&Prime;][vc_column_text el_class=\u00a0\u00bbcita\u00a0\u00bb]<\/p>\n<blockquote>\n<p style=\"text-align: left;\">\u00a0\u00bb\u00a0Pablo, avec son violon \u00e9lectrique, est intervenu lors de la soir\u00e9e et ce fut incroyable. En plus, il a commenc\u00e9 par jouer \u201cAll of me\u201d au violon pour notre danse d\u2019entr\u00e9e et ce fut magique. Je le recommande, c\u2019est le meilleur, sans aucun doute. \u00ab\u00a0<\/p>\n<p style=\"text-align: left;\"><em>Javier et Cristina, Fuentepizarro<br \/>\n<\/em><\/p>\n<\/blockquote>\n<p>[\/vc_column_text][\/vc_column_inner][\/vc_row_inner][\/vc_tta_section][vc_tta_section title=\u00a0\u00bbSecci\u00f3n\u00a0\u00bb tab_id=\u00a0\u00bb1485957005256-33918c2f-4cc2&Prime;][vc_row_inner][vc_column_inner width=\u00a0\u00bb1\/4&Prime;][vc_single_image image=\u00a0\u00bb354&Prime; alignment=\u00a0\u00bbcenter\u00a0\u00bb style=\u00a0\u00bbvc_box_circle_2&Prime; css_animation=\u00a0\u00bbleft-to-right\u00a0\u00bb][\/vc_column_inner][vc_column_inner el_class=\u00a0\u00bbscita\u00a0\u00bb width=\u00a0\u00bb3\/4&Prime;][vc_column_text el_class=\u00a0\u00bbcita\u00a0\u00bb]<\/p>\n<blockquote>\n<p style=\"text-align: left;\">\u00a0\u00bb\u00a0Pablo a \u00e9t\u00e9 merveilleux et a r\u00e9ussi \u00e0 donner une touche enchant\u00e9e \u00e0 mon mariage. Professionnalisme absolu. Je ferais de nouveau appel \u00e0 ses services sans aucun doute. Un 10\/10 pour le cocktail gr\u00e2ce \u00e0 son violon \u00e9lectrique. Et de nouveau, Pablo et son violon \u00e9lectrique pour la soir\u00e9e, qui a r\u00e9ussi \u00e0 faire de mon mariage le plus beau du monde. \u00ab\u00a0<\/p>\n<p style=\"text-align: left;\"><em>Cristina et Borja, Antiguo Convento de Boadilla<\/em><\/p>\n<\/blockquote>\n<p>[\/vc_column_text][\/vc_column_inner][\/vc_row_inner][\/vc_tta_section][vc_tta_section title=\u00a0\u00bbSecci\u00f3n\u00a0\u00bb tab_id=\u00a0\u00bb1485957632322-4607d108-3d9b\u00a0\u00bb][vc_row_inner][vc_column_inner width=\u00a0\u00bb1\/4&Prime;][vc_single_image image=\u00a0\u00bb516&Prime; alignment=\u00a0\u00bbcenter\u00a0\u00bb style=\u00a0\u00bbvc_box_circle_2&Prime; css_animation=\u00a0\u00bbleft-to-right\u00a0\u00bb][\/vc_column_inner][vc_column_inner el_class=\u00a0\u00bbscita\u00a0\u00bb width=\u00a0\u00bb3\/4&Prime;][vc_column_text el_class=\u00a0\u00bbcita\u00a0\u00bb]<\/p>\n<blockquote>\n<p style=\"text-align: left;\">\u00a0\u00bb Mille mercis \u00e0 Pablo, tout a \u00e9t\u00e9 parfait !!! Pablo a jou\u00e9 du violon \u00e9lectrique et cela a enchant\u00e9 tout le monde. Il a r\u00e9ussi \u00e0 enflammer la soir\u00e9e. Nous sommes tr\u00e8s contents de l\u2019avoir choisi! \u00ab\u00a0<\/p>\n<p style=\"text-align: left;\"><em>Ana et Baptiste<\/em><\/p>\n<\/blockquote>\n<p>[\/vc_column_text][\/vc_column_inner][\/vc_row_inner][\/vc_tta_section][vc_tta_section title=\u00a0\u00bbSecci\u00f3n\u00a0\u00bb tab_id=\u00a0\u00bb1484345920327-0ec45bc4-8f5d\u00a0\u00bb][vc_row_inner][vc_column_inner width=\u00a0\u00bb1\/4&Prime;][vc_single_image image=\u00a0\u00bb306&Prime; alignment=\u00a0\u00bbcenter\u00a0\u00bb style=\u00a0\u00bbvc_box_circle_2&Prime; css_animation=\u00a0\u00bbleft-to-right\u00a0\u00bb][\/vc_column_inner][vc_column_inner el_class=\u00a0\u00bbscita\u00a0\u00bb width=\u00a0\u00bb3\/4&Prime;][vc_column_text el_class=\u00a0\u00bbcita\u00a0\u00bb]<\/p>\n<blockquote>\n<p style=\"text-align: left;\">\u00a0\u00bb Le 6 ao\u00fbt 2016, nous nous sommes mari\u00e9s aux Tenadas. Pendant la soir\u00e9e, 2h apr\u00e8s la premi\u00e8re danse des \u00e9poux,\u00a0Pablo s&rsquo;est introduit\u00a0parmi les invit\u00e9s et a commenc\u00e9\u00a0\u00e0 jouer. Les invit\u00e9s ne pouvaient pas en croire leurs yeux ! Ce fut un tr\u00e8s grand moment, difficile \u00e0 oublier. Nos invit\u00e9s ne cessent de nous r\u00e9p\u00e9ter que ce fut incroyable ! Merci Pablo d&rsquo;avoir rendu notre mariage encore plus sp\u00e9cial.\u00a0\u00ab\u00a0<\/p>\n<p style=\"text-align: left;\"><em>Susana, Finca Las Tenadas<br \/>\n<\/em><\/p>\n<\/blockquote>\n<p>[\/vc_column_text][\/vc_column_inner][\/vc_row_inner][\/vc_tta_section][vc_tta_section title=\u00a0\u00bbSecci\u00f3n\u00a0\u00bb tab_id=\u00a0\u00bb1484309385783-67d79dba-d039&Prime;][vc_row_inner][vc_column_inner width=\u00a0\u00bb1\/4&Prime;][vc_single_image image=\u00a0\u00bb522&Prime; alignment=\u00a0\u00bbcenter\u00a0\u00bb style=\u00a0\u00bbvc_box_circle_2&Prime; css_animation=\u00a0\u00bbleft-to-right\u00a0\u00bb][\/vc_column_inner][vc_column_inner el_class=\u00a0\u00bbscita\u00a0\u00bb width=\u00a0\u00bb3\/4&Prime;][vc_column_text el_class=\u00a0\u00bbcita\u00a0\u00bb]<\/p>\n<blockquote>\n<p style=\"text-align: left;\">\u00a0\u00bb\u00a0Nous avons fait appel aux services de Pablo Prieto et son violon \u00e9lectrique pour notre mariage. Le service fut exceptionnel, et mit beaucoup d\u2019ambiance \u00e0 la soir\u00e9e. Je le recommande totalement pour ses bons services, sa flexibilit\u00e9 et son rapport qualit\u00e9-prix.\u00a0\u00ab\u00a0<\/p>\n<p><em>Paloma et \u00cd\u00f1igo,\u00a0Casa de M\u00f3nico<\/em><\/p><\/blockquote>\n<p>[\/vc_column_text][\/vc_column_inner][\/vc_row_inner][\/vc_tta_section][vc_tta_section title=\u00a0\u00bbSecci\u00f3n\u00a0\u00bb tab_id=\u00a0\u00bb1485957321681-0d26d1d7-f2f8&Prime;][vc_row_inner][vc_column_inner width=\u00a0\u00bb1\/4&Prime;][vc_single_image image=\u00a0\u00bb518&Prime; alignment=\u00a0\u00bbcenter\u00a0\u00bb style=\u00a0\u00bbvc_box_circle_2&Prime; css_animation=\u00a0\u00bbleft-to-right\u00a0\u00bb][\/vc_column_inner][vc_column_inner el_class=\u00a0\u00bbscita\u00a0\u00bb width=\u00a0\u00bb3\/4&Prime;][vc_column_text el_class=\u00a0\u00bbcita\u00a0\u00bb]<\/p>\n<blockquote>\n<p style=\"text-align: left;\">\u00a0\u00bb\u00a0Bonjour ! Nous sommes Patricia et Felipe, nous nous sommes mari\u00e9s le 5 Juillet. Un mariage inoubliable avec une musique de fond exceptionnelle. Pablo, nous voulons te remercier du fond du c\u0153ur d\u2019avoir pos\u00e9 ta pierre \u00e0 l\u2019\u00e9difice de ce jour si sp\u00e9cial pour nous, le violon \u00e9lectrique fut un super choix, tu nous as tous laiss\u00e9s bouche b\u00e9e, pendant le cocktail et surtout pendant la c\u00e9r\u00e9monie. Je sais que tu as travaill\u00e9 dur, mais le r\u00e9sultat en valait vraiment la peine. Je n\u2019oublierai jamais mon entr\u00e9e dans l\u2019\u00e9glise, tu peux en \u00eatre s\u00fbr!. \u00ab\u00a0<\/p>\n<p style=\"text-align: left;\"><em>Patricia et Felipe, Finca el Cortijo de Mena<\/em><\/p>\n<\/blockquote>\n<p>[\/vc_column_text][\/vc_column_inner][\/vc_row_inner][\/vc_tta_section][vc_tta_section title=\u00a0\u00bbSecci\u00f3n\u00a0\u00bb tab_id=\u00a0\u00bb1485957250008-c496e8c0-c438&Prime;][vc_row_inner][vc_column_inner width=\u00a0\u00bb1\/4&Prime;][vc_single_image image=\u00a0\u00bb515&Prime; alignment=\u00a0\u00bbcenter\u00a0\u00bb style=\u00a0\u00bbvc_box_circle_2&Prime; css_animation=\u00a0\u00bbleft-to-right\u00a0\u00bb][\/vc_column_inner][vc_column_inner el_class=\u00a0\u00bbscita\u00a0\u00bb width=\u00a0\u00bb3\/4&Prime;][vc_column_text el_class=\u00a0\u00bbcita\u00a0\u00bb]<\/p>\n<blockquote>\n<p style=\"text-align: left;\">\u00a0\u00bb Nous nous sommes mari\u00e9s le 28 de mars. Nous remercions Pablo infiniment, car depuis le d\u00e9but, il a su capter parfaitement l\u2019id\u00e9e que nous nous faisions de notre mariage. Il nous a accompagn\u00e9s avec son violon \u00e9lectrique depuis la sortie du chapiteau jusqu\u2019\u00e0 la fin du cocktail. Tout le monde fut enchant\u00e9 par sa s\u00e9lection de morceaux et de bandes originales\u2026 Mention sp\u00e9ciale pour \u201cLa vie est belle\u201d\u2026 simplement\u2026. merveilleux !!! \u00ab\u00a0<\/p>\n<p style=\"text-align: left;\"><em>M\u00aa Jos\u00e9 et Juanma<\/em><\/p>\n<\/blockquote>\n<p>[\/vc_column_text][\/vc_column_inner][\/vc_row_inner][\/vc_tta_section][vc_tta_section title=\u00a0\u00bbSecci\u00f3n\u00a0\u00bb tab_id=\u00a0\u00bb1485957423616-cda41f2b-2c84&Prime;][vc_row_inner][vc_column_inner width=\u00a0\u00bb1\/4&Prime;][vc_single_image image=\u00a0\u00bb517&Prime; alignment=\u00a0\u00bbcenter\u00a0\u00bb style=\u00a0\u00bbvc_box_circle_2&Prime; css_animation=\u00a0\u00bbleft-to-right\u00a0\u00bb][\/vc_column_inner][vc_column_inner el_class=\u00a0\u00bbscita\u00a0\u00bb width=\u00a0\u00bb3\/4&Prime;][vc_column_text el_class=\u00a0\u00bbcita\u00a0\u00bb]<\/p>\n<blockquote>\n<p style=\"text-align: left;\">\u00a0\u00bb Bonjour Pablo, nous sommes Santi et Marta, nous nous sommes mari\u00e9s le 26 juillet 2014 et nous voudrions te remercier une fois de plus pour ton professionnalisme pendant le cocktail avec ton violon \u00e9lectrique, au Club de Tir de Madrid. Ce fut un grand succ\u00e8s, les gens ont ador\u00e9 et les bandes originales sonn\u00e8rent magnifiquement avec cet instrument. Sans aucun doute, nous te recommanderions \u00ab\u00a0<\/p>\n<p style=\"text-align: left;\"><em>Santi et Marta, Club de Tiro de Madrid<\/em><\/p>\n<\/blockquote>\n<p>[\/vc_column_text][\/vc_column_inner][\/vc_row_inner][\/vc_tta_section][vc_tta_section title=\u00a0\u00bbSecci\u00f3n\u00a0\u00bb tab_id=\u00a0\u00bb1485957551151-b8627803-ad57&Prime;][vc_row_inner][vc_column_inner width=\u00a0\u00bb1\/4&Prime;][vc_single_image image=\u00a0\u00bb520&Prime; alignment=\u00a0\u00bbcenter\u00a0\u00bb style=\u00a0\u00bbvc_box_circle_2&Prime; css_animation=\u00a0\u00bbleft-to-right\u00a0\u00bb][\/vc_column_inner][vc_column_inner el_class=\u00a0\u00bbscita\u00a0\u00bb width=\u00a0\u00bb3\/4&Prime;][vc_column_text el_class=\u00a0\u00bbcita\u00a0\u00bb]<\/p>\n<blockquote>\n<p style=\"text-align: left;\">\u00a0\u00bb L\u2019intervention de Pablo avec son violon \u00e9lectrique pendant la soir\u00e9e eut un franc succ\u00e8s. Une touche originale selon nos invit\u00e9s. Tous les gens pr\u00e9sents, et nous inclus, ont \u00e9t\u00e9 enchant\u00e9 par sa musique. Il fut couvert de remerciements et de f\u00e9licitations!\u00a0\u00ab\u00a0<\/p>\n<p style=\"text-align: left;\"><em>Sol et Roberto, Finca La Pe\u00f1a del Agua<br \/>\n<\/em><\/p>\n<\/blockquote>\n<p>[\/vc_column_text][\/vc_column_inner][\/vc_row_inner][\/vc_tta_section][\/vc_tta_pageable][\/vc_column][\/vc_row][vc_row el_id=\u00a0\u00bbcontacto\u00a0\u00bb el_class=\u00a0\u00bbcontact\u00a0\u00bb][vc_column][nk_title title=\u00a0\u00bbCONTACT\u00a0\u00bb subtitle=\u00a0\u00bbMerci de votre visite! Si vous souhaitez contacter Pablo Prieto, vous pouvez le faire en remplissant ce formulaire:\u00a0\u00bb]\n<div class=\"wpcf7 no-js\" id=\"wpcf7-f442-o1\" lang=\"es-ES\" dir=\"ltr\" data-wpcf7-id=\"442\">\n<div class=\"screen-reader-response\"><p role=\"status\" aria-live=\"polite\" aria-atomic=\"true\"><\/p> <ul><\/ul><\/div>\n<form action=\"\/fr\/wp-json\/wp\/v2\/pages\/414#wpcf7-f442-o1\" method=\"post\" class=\"wpcf7-form init wpcf7-acceptance-as-validation\" aria-label=\"Formulario de contacto\" novalidate=\"novalidate\" data-status=\"init\">\n<fieldset class=\"hidden-fields-container\"><input type=\"hidden\" name=\"_wpcf7\" value=\"442\" \/><input type=\"hidden\" name=\"_wpcf7_version\" value=\"6.1.4\" \/><input type=\"hidden\" name=\"_wpcf7_locale\" value=\"es_ES\" \/><input type=\"hidden\" name=\"_wpcf7_unit_tag\" value=\"wpcf7-f442-o1\" \/><input type=\"hidden\" name=\"_wpcf7_container_post\" value=\"0\" \/><input type=\"hidden\" name=\"_wpcf7_posted_data_hash\" value=\"\" \/>\n<\/fieldset>\n<div class=\"col-sm-4\">\n\t<p><span class=\"wpcf7-form-control-wrap\" data-name=\"your-name\"><input size=\"40\" maxlength=\"400\" class=\"wpcf7-form-control wpcf7-text\" aria-invalid=\"false\" placeholder=\"Pr\u00e9nom\" value=\"\" type=\"text\" name=\"your-name\" \/><\/span>\n\t<\/p>\n<\/div>\n<div class=\"col-sm-4\">\n\t<p><span class=\"wpcf7-form-control-wrap\" data-name=\"your-email\"><input size=\"40\" maxlength=\"400\" class=\"wpcf7-form-control wpcf7-email wpcf7-validates-as-required wpcf7-text wpcf7-validates-as-email\" aria-required=\"true\" aria-invalid=\"false\" placeholder=\"Email (obligatoire)\" value=\"\" type=\"email\" name=\"your-email\" \/><\/span>\n\t<\/p>\n<\/div>\n<div class=\"col-sm-4\">\n\t<p><span class=\"wpcf7-form-control-wrap\" data-name=\"your-phone\"><input size=\"40\" maxlength=\"400\" class=\"wpcf7-form-control wpcf7-text\" aria-invalid=\"false\" placeholder=\"T\u00e9l\u00e9phone\" value=\"\" type=\"text\" name=\"your-phone\" \/><\/span>\n\t<\/p>\n<\/div>\n<div class=\"col-sm-12\">\n\t<p><span class=\"wpcf7-form-control-wrap\" data-name=\"your-message\"><textarea cols=\"40\" rows=\"10\" maxlength=\"2000\" class=\"wpcf7-form-control wpcf7-textarea\" aria-invalid=\"false\" placeholder=\"Message (VEUILLEZ INDIQUER LE LIEU, LA DATE ET L&#039;HEURE, POUR V\u00c9RIFIER LA DISPONIBILIT\u00c9)\" name=\"your-message\"><\/textarea><\/span>\n\t<\/p>\n\t<div class=\"cf7-cf-turnstile\" style=\"margin-top: 0px; margin-bottom: -15px;\"> <div id=\"cf-turnstile-cf7-201681373\" class=\"cf-turnstile\" data-sitekey=\"0x4AAAAAABnZ9QAD6NJFrMVS\" data-theme=\"dark\" data-language=\"auto\" data-size=\"flexible\" data-retry=\"auto\" data-retry-interval=\"1000\" data-refresh-expired=\"auto\" data-action=\"contact-form-7\" data-appearance=\"always\"><\/div> <script>document.addEventListener(\"DOMContentLoaded\", function() { setTimeout(function(){ var e=document.getElementById(\"cf-turnstile-cf7-201681373\"); e&&!e.innerHTML.trim()&&(turnstile.remove(\"#cf-turnstile-cf7-201681373\"), turnstile.render(\"#cf-turnstile-cf7-201681373\", {sitekey:\"0x4AAAAAABnZ9QAD6NJFrMVS\"})); }, 100); });<\/script> <br class=\"cf-turnstile-br cf-turnstile-br-cf7-201681373\"> <style>#cf-turnstile-cf7-201681373 { margin-left: -15px; }<\/style> <script>document.addEventListener(\"DOMContentLoaded\",function(){document.querySelectorAll('.wpcf7-form').forEach(function(e){e.addEventListener('submit',function(){if(document.getElementById('cf-turnstile-cf7-201681373')){setTimeout(function(){turnstile.reset('#cf-turnstile-cf7-201681373');},1000)}})})});<\/script> <\/div><br\/><input class=\"wpcf7-form-control wpcf7-submit has-spinner\" type=\"submit\" value=\"Envoyer\" \/>\n\t<\/p>\n\t<p><span class=\"wpcf7-form-control-wrap\" data-name=\"accept-this\"><span class=\"wpcf7-form-control wpcf7-acceptance\"><span class=\"wpcf7-list-item\"><label><input type=\"checkbox\" name=\"accept-this\" value=\"1\" aria-invalid=\"false\" \/><span class=\"wpcf7-list-item-label\">J\u2019ai lu et accepte la <a href=\"https:\/\/www.pabloprietoviolinist.com\/politique_confidentialite.html\" target=\"_blank\">politique de confidentialit\u00e9<\/a><\/span><\/label><\/span><\/span><\/span>\n\t<\/p>\n<div class=\"wpcf7-response-output\" aria-hidden=\"true\"><\/div>\n<\/div>\n<\/form>\n<\/div>\n[\/vc_column][\/vc_row]<\/p>\n","protected":false},"excerpt":{"rendered":"<p>[vc_row el_class=\u00a0\u00bbjPlayer-fixed\u00a0\u00bb][vc_column][nk_jpayer id=\u00a0\u00bb249&Prime;][\/vc_column][\/vc_row][vc_row el_id=\u00a0\u00bbinicio\u00a0\u00bb el_class=\u00a0\u00bblast-news\u00a0\u00bb][vc_column][nk_title title=\u00a0\u00bbSPECTACLE DE VIOLON EL\u00c9CTRIQUE AVEC PABLO PRIETO\u00a0\u00bb subtitle=\u00a0\u00bbLa cl\u00e9 du succ\u00e8s pour rendre votre \u00e9v\u00e9nement m\u00e9morable. Une valeur ajout\u00e9e pour tous types de f\u00eates, mariages, anniversaires ou soir\u00e9es. Un spectacle surprenant en live.\u00a0\u00bb][vc_row_inner][vc_column_inner width=\u00a0\u00bb1\/3&Prime;][vc_raw_html]JTNDZGl2JTIwY2xhc3MlM0QlMjJpY29uJTIyJTNFJTBBJTA5JTNDaW1nJTIwc3JjJTNEJTIyJTJGd3AtY29udGVudCUyRnVwbG9hZHMlMkYyMDE1JTJGMDMlMkZpY29uLXZpb2xpbi5wbmclMjIlM0UlMEElM0MlMkZkaXYlM0U=[\/vc_raw_html][vc_column_text el_class=\u00a0\u00bbvent\u00a0\u00bb] Diff\u00e9rent et vibrant. Les morceaux choisis avec soin dans les moindres d\u00e9tails avec des arrangements [&hellip;]<\/p>\n","protected":false},"author":1,"featured_media":0,"parent":0,"menu_order":0,"comment_status":"open","ping_status":"open","template":"template-home.php","meta":{"footnotes":""},"class_list":["post-414","page","type-page","status-publish","hentry"],"_links":{"self":[{"href":"https:\/\/www.pabloprietoviolinist.com\/fr\/wp-json\/wp\/v2\/pages\/414","targetHints":{"allow":["GET"]}}],"collection":[{"href":"https:\/\/www.pabloprietoviolinist.com\/fr\/wp-json\/wp\/v2\/pages"}],"about":[{"href":"https:\/\/www.pabloprietoviolinist.com\/fr\/wp-json\/wp\/v2\/types\/page"}],"author":[{"embeddable":true,"href":"https:\/\/www.pabloprietoviolinist.com\/fr\/wp-json\/wp\/v2\/users\/1"}],"replies":[{"embeddable":true,"href":"https:\/\/www.pabloprietoviolinist.com\/fr\/wp-json\/wp\/v2\/comments?post=414"}],"version-history":[{"count":15,"href":"https:\/\/www.pabloprietoviolinist.com\/fr\/wp-json\/wp\/v2\/pages\/414\/revisions"}],"predecessor-version":[{"id":564,"href":"https:\/\/www.pabloprietoviolinist.com\/fr\/wp-json\/wp\/v2\/pages\/414\/revisions\/564"}],"wp:attachment":[{"href":"https:\/\/www.pabloprietoviolinist.com\/fr\/wp-json\/wp\/v2\/media?parent=414"}],"curies":[{"name":"wp","href":"https:\/\/api.w.org\/{rel}","templated":true}]}}